{"id":107,"date":"2025-02-23T17:38:28","date_gmt":"2025-02-23T16:38:28","guid":{"rendered":"https:\/\/psycholog.mojepomoce.pl\/?page_id=107"},"modified":"2025-02-23T17:46:36","modified_gmt":"2025-02-23T16:46:36","slug":"o-mojej-pracy","status":"publish","type":"page","link":"https:\/\/psycholog.mojepomoce.pl\/?page_id=107","title":{"rendered":"O mojej pracy"},"content":{"rendered":"\t\t<div data-elementor-type=\"wp-page\" data-elementor-id=\"107\" class=\"elementor elementor-107\" data-elementor-post-type=\"page\">\n\t\t\t\t<div class=\"elementor-element elementor-element-02ebf59 e-flex e-con-boxed e-con e-parent\" data-id=\"02ebf59\" data-element_type=\"container\">\n\t\t\t\t\t<div class=\"e-con-inner\">\n\t\t\t\t<div class=\"elementor-element elementor-element-e037269 elementor-widget elementor-widget-text-editor\" data-id=\"e037269\" data-element_type=\"widget\" data-widget_type=\"text-editor.default\">\n\t\t\t\t<div class=\"elementor-widget-container\">\n\t\t\t\t\t\t\t\t\t<p data-start=\"1072\" data-end=\"1478\">Jestem psychologiem po pi\u0119cioletnich studiach magisterskich, nieustannie rozwijaj\u0105cym swoje umiej\u0119tno\u015bci poprzez szkolenia, kursy oraz superwizj\u0119. W swojej pracy dbam o to, by ka\u017cda konsultacja by\u0142a dostosowana do konkretnej sytuacji i indywidualnych potrzeb dziecka oraz jego rodziny. Na bie\u017c\u0105co poddaj\u0119 swoj\u0105 prac\u0119 superwizji, wdra\u017caj\u0105c metody, kt\u00f3re najlepiej wspieraj\u0105 rozw\u00f3j i funkcjonowanie dzieci.<\/p><p data-start=\"1480\" data-end=\"1940\">Rodzice, kt\u00f3rzy do mnie trafiaj\u0105, mog\u0105 liczy\u0107 na pe\u0142ne zaanga\u017cowanie i indywidualne podej\u015bcie. Razem ustalamy cele d\u0142ugoterminowe, ale r\u00f3wnie\u017c te mniejsze, niezb\u0119dne do realizacji g\u0142\u00f3wnego za\u0142o\u017cenia. Systematycznie omawiamy efekty naszej pracy, analizujemy post\u0119py i wyzwania. Wspieram, motywuj\u0119, dziel\u0119 si\u0119 wiedz\u0105 i do\u015bwiadczeniem \u2013 nie tylko zawodowym, ale i prywatnym, dzi\u0119ki czemu rodzic czuje, \u017ce jest zaopiekowany i nie zostaje sam ze swoimi pytaniami.<\/p><p data-start=\"1942\" data-end=\"2282\">Obecnie pracuj\u0119 w trzech przedszkolach niepublicznych, gdzie prowadz\u0119 zar\u00f3wno terapie indywidualne, jak i grupowe. Stworzy\u0142am autorski program psychoedukacji dla rodzic\u00f3w dzieci neuror\u00f3\u017cnorodnych, dostosowuj\u0105c go do unikalnych potrzeb ka\u017cdej rodziny. W moim podej\u015bciu nie ma rzeczy niemo\u017cliwych \u2013 niekt\u00f3re wymagaj\u0105 po prostu wi\u0119cej czasu.<\/p><p data-start=\"2284\" data-end=\"2750\">Rodzic jest najwa\u017cniejszym przewodnikiem swojego dziecka \u2013 to on zna je najlepiej. Ja natomiast jestem kim\u015b w rodzaju latarni na wzburzonym morzu rodzicielskich wyzwa\u0144. Nie kieruj\u0119 statkiem, ale pomagam odnale\u017a\u0107 w\u0142a\u015bciwy kurs, roz\u015bwietlaj\u0105c drog\u0119 i wskazuj\u0105c bezpieczne \u015bcie\u017cki. Nie oceniam, lecz rozumiem. Moja praca to wsp\u00f3lne poszukiwanie najlepszych rozwi\u0105za\u0144, aby ka\u017cde dziecko mog\u0142o rozwija\u0107 si\u0119 we w\u0142asnym tempie, w atmosferze pe\u0142nej wsparcia i zrozumienia.<\/p>\t\t\t\t\t\t\t\t<\/div>\n\t\t\t\t<\/div>\n\t\t\t\t\t<\/div>\n\t\t\t\t<\/div>\n\t\t\t\t<\/div>\n\t\t","protected":false},"excerpt":{"rendered":"<p>Jestem psychologiem po pi\u0119cioletnich studiach magisterskich, nieustannie rozwijaj\u0105cym swoje umiej\u0119tno\u015bci poprzez szkolenia, kursy oraz superwizj\u0119. W swojej pracy dbam o to, by ka\u017cda konsultacja by\u0142a dostosowana do konkretnej sytuacji i indywidualnych potrzeb dziecka oraz jego rodziny. Na bie\u017c\u0105co poddaj\u0119 swoj\u0105 prac\u0119 superwizji, wdra\u017caj\u0105c metody, kt\u00f3re najlepiej wspieraj\u0105 rozw\u00f3j i funkcjonowanie dzieci. Rodzice, kt\u00f3rzy do mnie [&hellip;]<\/p>\n","protected":false},"author":1,"featured_media":0,"parent":0,"menu_order":0,"comment_status":"closed","ping_status":"closed","template":"","meta":{"footnotes":""},"class_list":["post-107","page","type-page","status-publish","hentry"],"_links":{"self":[{"href":"https:\/\/psycholog.mojepomoce.pl\/index.php?rest_route=\/wp\/v2\/pages\/107","targetHints":{"allow":["GET"]}}],"collection":[{"href":"https:\/\/psycholog.mojepomoce.pl\/index.php?rest_route=\/wp\/v2\/pages"}],"about":[{"href":"https:\/\/psycholog.mojepomoce.pl\/index.php?rest_route=\/wp\/v2\/types\/page"}],"author":[{"embeddable":true,"href":"https:\/\/psycholog.mojepomoce.pl\/index.php?rest_route=\/wp\/v2\/users\/1"}],"replies":[{"embeddable":true,"href":"https:\/\/psycholog.mojepomoce.pl\/index.php?rest_route=%2Fwp%2Fv2%2Fcomments&post=107"}],"version-history":[{"count":4,"href":"https:\/\/psycholog.mojepomoce.pl\/index.php?rest_route=\/wp\/v2\/pages\/107\/revisions"}],"predecessor-version":[{"id":113,"href":"https:\/\/psycholog.mojepomoce.pl\/index.php?rest_route=\/wp\/v2\/pages\/107\/revisions\/113"}],"wp:attachment":[{"href":"https:\/\/psycholog.mojepomoce.pl\/index.php?rest_route=%2Fwp%2Fv2%2Fmedia&parent=107"}],"curies":[{"name":"wp","href":"https:\/\/api.w.org\/{rel}","templated":true}]}}