{"id":99,"date":"2025-02-23T17:16:37","date_gmt":"2025-02-23T16:16:37","guid":{"rendered":"https:\/\/psycholog.mojepomoce.pl\/?page_id=99"},"modified":"2025-02-23T17:26:13","modified_gmt":"2025-02-23T16:26:13","slug":"o-mnie","status":"publish","type":"page","link":"https:\/\/psycholog.mojepomoce.pl\/?page_id=99","title":{"rendered":"O mnie"},"content":{"rendered":"\t\t<div data-elementor-type=\"wp-page\" data-elementor-id=\"99\" class=\"elementor elementor-99\" data-elementor-post-type=\"page\">\n\t\t\t\t<div class=\"elementor-element elementor-element-610d20d e-flex e-con-boxed e-con e-parent\" data-id=\"610d20d\" data-element_type=\"container\">\n\t\t\t\t\t<div class=\"e-con-inner\">\n\t\t\t\t<div class=\"elementor-element elementor-element-cae6cef elementor-position-top elementor-widget elementor-widget-image-box\" data-id=\"cae6cef\" data-element_type=\"widget\" data-widget_type=\"image-box.default\">\n\t\t\t\t<div class=\"elementor-widget-container\">\n\t\t\t\t\t<div class=\"elementor-image-box-wrapper\"><figure class=\"elementor-image-box-img\"><img fetchpriority=\"high\" decoding=\"async\" width=\"1414\" height=\"2000\" src=\"https:\/\/psycholog.mojepomoce.pl\/wp-content\/uploads\/2025\/02\/Projekt-bez-nazwy-29.png\" class=\"attachment-full size-full wp-image-86\" alt=\"\" srcset=\"https:\/\/psycholog.mojepomoce.pl\/wp-content\/uploads\/2025\/02\/Projekt-bez-nazwy-29.png 1414w, https:\/\/psycholog.mojepomoce.pl\/wp-content\/uploads\/2025\/02\/Projekt-bez-nazwy-29-212x300.png 212w, https:\/\/psycholog.mojepomoce.pl\/wp-content\/uploads\/2025\/02\/Projekt-bez-nazwy-29-724x1024.png 724w, https:\/\/psycholog.mojepomoce.pl\/wp-content\/uploads\/2025\/02\/Projekt-bez-nazwy-29-768x1086.png 768w, https:\/\/psycholog.mojepomoce.pl\/wp-content\/uploads\/2025\/02\/Projekt-bez-nazwy-29-1086x1536.png 1086w\" sizes=\"(max-width: 1414px) 100vw, 1414px\" \/><\/figure><div class=\"elementor-image-box-content\"><p class=\"elementor-image-box-description\"><p data-start=\"86\" data-end=\"500\">Jestem osob\u0105, kt\u00f3ra ka\u017cd\u0105 minut\u0119 \u017cycia po\u015bwi\u0119ca na kreatywno\u015b\u0107 i rozw\u00f3j. Tworzenie czego\u015b z niczego \u2013 malowanie, szycie, szyde\u0142kowanie \u2013 to dla mnie nie tylko pasja, ale i spos\u00f3b na wewn\u0119trzny spok\u00f3j. Ceni\u0119 chwile, w kt\u00f3rych mog\u0119 da\u0107 upust wyobra\u017ani, jednocze\u015bnie zanurzaj\u0105c si\u0119 w \u015bwiecie audiobook\u00f3w. M\u00f3j rekord to 120 przes\u0142uchanych ksi\u0105\u017cek w rok \u2013 dow\u00f3d na to, \u017ce ka\u017cd\u0105 woln\u0105 chwil\u0119 mo\u017cna wype\u0142ni\u0107 inspiracj\u0105.<\/p><p data-start=\"502\" data-end=\"878\">Odpoczywam, gdy si\u0119 rozwijam. Uwielbiam spacery z rodzin\u0105 po wiejskich \u015bcie\u017ckach, las pe\u0142en ciszy oraz okres \u017cniw, kt\u00f3ry ma w sobie co\u015b magicznego. Mieszkam w miejscu, gdzie spok\u00f3j sprzyja my\u015bleniu i poszerzaniu horyzont\u00f3w. Moja mi\u0142o\u015b\u0107 do zwierz\u0105t nie ma granic, a zabawy sensoryczne \u2013 zw\u0142aszcza w piaskownicy \u2013 sprawiaj\u0105, \u017ce wci\u0105\u017c czuj\u0119 w sobie dzieci\u0119c\u0105 rado\u015b\u0107 odkrywania.<\/p><p data-start=\"880\" data-end=\"1124\">Czasem zaszywam si\u0119 z ksi\u0105\u017ck\u0105, czasem bujam na hu\u015btawce, pozwalaj\u0105c my\u015blom p\u0142yn\u0105\u0107 swobodnie. Wszystko to sprawia, \u017ce \u015bwiat psychologii, kreatywno\u015bci i relacji mi\u0119dzyludzkich jest dla mnie nieustann\u0105 podr\u00f3\u017c\u0105 \u2013 pe\u0142n\u0105 pasji, odkry\u0107 i inspiracji.<\/p><\/p><\/div><\/div>\t\t\t\t<\/div>\n\t\t\t\t<\/div>\n\t\t\t\t\t<\/div>\n\t\t\t\t<\/div>\n\t\t\t\t<\/div>\n\t\t","protected":false},"excerpt":{"rendered":"<p>Jestem osob\u0105, kt\u00f3ra ka\u017cd\u0105 minut\u0119 \u017cycia po\u015bwi\u0119ca na kreatywno\u015b\u0107 i rozw\u00f3j. Tworzenie czego\u015b z niczego \u2013 malowanie, szycie, szyde\u0142kowanie \u2013 to dla mnie nie tylko pasja, ale i spos\u00f3b na wewn\u0119trzny spok\u00f3j. Ceni\u0119 chwile, w kt\u00f3rych mog\u0119 da\u0107 upust wyobra\u017ani, jednocze\u015bnie zanurzaj\u0105c si\u0119 w \u015bwiecie audiobook\u00f3w. M\u00f3j rekord to 120 przes\u0142uchanych ksi\u0105\u017cek w rok \u2013 [&hellip;]<\/p>\n","protected":false},"author":1,"featured_media":0,"parent":12,"menu_order":0,"comment_status":"closed","ping_status":"closed","template":"","meta":{"footnotes":""},"class_list":["post-99","page","type-page","status-publish","hentry"],"_links":{"self":[{"href":"https:\/\/psycholog.mojepomoce.pl\/index.php?rest_route=\/wp\/v2\/pages\/99","targetHints":{"allow":["GET"]}}],"collection":[{"href":"https:\/\/psycholog.mojepomoce.pl\/index.php?rest_route=\/wp\/v2\/pages"}],"about":[{"href":"https:\/\/psycholog.mojepomoce.pl\/index.php?rest_route=\/wp\/v2\/types\/page"}],"author":[{"embeddable":true,"href":"https:\/\/psycholog.mojepomoce.pl\/index.php?rest_route=\/wp\/v2\/users\/1"}],"replies":[{"embeddable":true,"href":"https:\/\/psycholog.mojepomoce.pl\/index.php?rest_route=%2Fwp%2Fv2%2Fcomments&post=99"}],"version-history":[{"count":6,"href":"https:\/\/psycholog.mojepomoce.pl\/index.php?rest_route=\/wp\/v2\/pages\/99\/revisions"}],"predecessor-version":[{"id":105,"href":"https:\/\/psycholog.mojepomoce.pl\/index.php?rest_route=\/wp\/v2\/pages\/99\/revisions\/105"}],"up":[{"embeddable":true,"href":"https:\/\/psycholog.mojepomoce.pl\/index.php?rest_route=\/wp\/v2\/pages\/12"}],"wp:attachment":[{"href":"https:\/\/psycholog.mojepomoce.pl\/index.php?rest_route=%2Fwp%2Fv2%2Fmedia&parent=99"}],"curies":[{"name":"wp","href":"https:\/\/api.w.org\/{rel}","templated":true}]}}